{"id":981,"date":"2021-11-06T01:59:53","date_gmt":"2021-11-06T01:59:53","guid":{"rendered":"https:\/\/emprendefacil.com\/dg\/?post_type=product&#038;p=981"},"modified":"2022-02-07T23:10:06","modified_gmt":"2022-02-07T23:10:06","slug":"copy-writing-mensajes-que-venden","status":"publish","type":"product","link":"https:\/\/libreyfacil.com\/dg\/index.php\/producto\/copy-writing-mensajes-que-venden\/","title":{"rendered":"COPY WRITING &#8211; MENSAJES QUE VENDEN"},"content":{"rendered":"","protected":false},"excerpt":{"rendered":"<p><strong>\u201c\u00bfSab\u00edas que hay 5 veces m\u00e1s gente que lee solo el t\u00edtulo que quienes leen el cuerpo del mensaje en s\u00ed mismo? Por lo tanto, cuando hayas escrito tu titular, ya habr\u00e1s gastado 80 centavos de tu d\u00f3lar\u201d. David Ogilvy.<\/strong><\/p>\n<p>Aqu\u00ed, est\u00e1 todo lo que necesitas saber sobre EL MUNDO DE LA ESCRITURA PERSUASIVA que ha llevado emprendedores y empresas a generar una comunicaci\u00f3n contundente gracias al poder de las palabras; donde \u201cEL CONTENIDO ES EL REY\u201d.<\/p>\n<p>Escribir bien, puede marcar esa delgada l\u00ednea que separa el \u00e9xito y el fracaso de tu estrategia\u2026pero la mayor\u00eda de la gente no lo sabe.<\/p>\n<p><strong class=\"ql-size-large\">\u00bfQU\u00c9 VAS A LOGRAR?<\/strong><\/p>\n<ul>\n<li>Ganar dinero impactando Facebook, Messenger, Instagram &amp; e-mail marketing.<\/li>\n<li>Aumentar tu tr\u00e1fico publicitario para tener mayor cantidad de conversiones\/ventas.<\/li>\n<li>Dise\u00f1ar un tono de comunicaci\u00f3n \u00fanico, reforzando tu marca personal\/corporativa.<\/li>\n<li>Desarrollar piezas gr\u00e1ficas Online y Offline a partir de contenidos irresistibles.<\/li>\n<li>Combinar el copy con el lenguaje audiovisual de tus avisos\/v\u00eddeos\/piezas gr\u00e1ficas.<\/li>\n<li>Generar altos niveles de recordaci\u00f3n al \u201cprovocar\u201d con un lenguaje inolvidable.<\/li>\n<\/ul>\n<p><strong class=\"ql-size-large\">\u00bfC\u00d3MO LO VAS A LOGRAR?<\/strong><\/p>\n<p>Con una estructura sencilla, f\u00e1cil y contundente donde podr\u00e1s POTENCIAR TUS MENSAJES para que queden TAN \u201cPEGAJOSOS COMO EL CHICLE\u201d. Con 15 estrategias y un bonus adicional de 5 cap\u00edtulos de STORY TELLING para que puedas generar resultados gracias a la escritura persuasiva.<\/p>\n<p>Estas estrategias est\u00e1n desarrolladas de la siguiente forma:<\/p>\n<ul>\n<li>Detecta las necesidades de tus clientes con LA T\u00c9CNICA DEL \u201cPAINSTORMING\u201d para llegarles con un mensaje conectado con su deseo.<\/li>\n<li>Apela al \u201cDOLOR DEL CLIENTE\u201d para entender aquello que necesita, como estrategia s\u00f3lida para crear un copy que genere recordaci\u00f3n de forma aplicada.<\/li>\n<li>Crea un ENCABEZADO EN 5 MINUTOS \u201csin romperte la cabeza\u201d para capturar la atenci\u00f3n de tu p\u00fablico objetivo.<\/li>\n<li>Aplica EL SECRETO DE JOE KARBO para enganchar a tus lectores con t\u00edtulos impactantes y as\u00ed lograr que tus clientes te compren.<\/li>\n<li>Implementa la t\u00e9cnica de LAS 4US DE DAVID OGILVY para que se interesen en tu producto.<\/li>\n<li>Despierta la curiosidad con una estructura comprobada de 10 CLAVES PSICOL\u00d3GICAS para conectar a tus clientes.<\/li>\n<li>Implementa LA F\u00d3RMULA BAB para crear ofertas irresistibles.<\/li>\n<li>Conoce la f\u00f3rmula de los 3 AVATARS para segmentar y comunicarte espec\u00edficamente con tu mercado objetivo.<\/li>\n<li>Redacta un correo persuasivo con la F\u00d3RMULA SENTIR, SABER Y HACER inspirada en ALEXANDRA FRANZEN.<\/li>\n<li>Aplica una ESTRUCTURA IRRESISTIBLE DE 7 PASOS para que tus clientes te amen con un mensaje persuasivo.<\/li>\n<li>COPYWRITING de las GRANDES MARCAS.<\/li>\n<li>5 Ejemplos efectivos de COPYWRITING para vender.<\/li>\n<li>F\u00d3RMULA BAB \u2013 aplicada a casos de COPYWRITING.<\/li>\n<li>CALL 2 ACTION \/ Llamado a la acci\u00f3n para atraer clientes potenciales y provocar ventas.<\/li>\n<\/ul>\n<p><strong>Y UN BONUS ESPECIAL:\u00a0<\/strong><\/p>\n<p>5 clases de STORYTELLING\/ \u201cEl arte de contar historias\u201d, para darle fuerza emotiva a la comunicaci\u00f3n con narrativas legendarias y envolventes.<\/p>\n<ul>\n<li>STORYTELLING en la comunicaci\u00f3n de las marcas: CLAVES IMPORTANTES<\/li>\n<li>STORYTELLING en la comunicaci\u00f3n de las marcas: LA IMPORTANCIA DEL H\u00c9ROE<\/li>\n<li>STORYTELLING en la comunicaci\u00f3n de las marcas: ESTRUCTURA DE STAR WARS (caso)<\/li>\n<li>STORYTELLING en la comunicaci\u00f3n de las marcas: DEL STORYTELLING AL STORYDOING<\/li>\n<li>STORYTELLING en la comunicaci\u00f3n de las marcas: FUERZA IMPARABLE DE LA HISTORIA<\/li>\n<\/ul>\n","protected":false},"featured_media":982,"template":"","meta":[],"product_brand":[],"product_cat":[51,48],"product_tag":[],"class_list":{"0":"post-981","1":"product","2":"type-product","3":"status-publish","4":"has-post-thumbnail","6":"product_cat-creracion-de-contenidos-carrera-digital","7":"product_cat-marketing-online-redes-sociales-ads","9":"first","10":"instock","11":"shipping-taxable","12":"product-type-external"},"aioseo_notices":[],"_links":{"self":[{"href":"https:\/\/libreyfacil.com\/dg\/index.php\/wp-json\/wp\/v2\/product\/981","targetHints":{"allow":["GET"]}}],"collection":[{"href":"https:\/\/libreyfacil.com\/dg\/index.php\/wp-json\/wp\/v2\/product"}],"about":[{"href":"https:\/\/libreyfacil.com\/dg\/index.php\/wp-json\/wp\/v2\/types\/product"}],"wp:featuredmedia":[{"embeddable":true,"href":"https:\/\/libreyfacil.com\/dg\/index.php\/wp-json\/wp\/v2\/media\/982"}],"wp:attachment":[{"href":"https:\/\/libreyfacil.com\/dg\/index.php\/wp-json\/wp\/v2\/media?parent=981"}],"wp:term":[{"taxonomy":"product_brand","embeddable":true,"href":"https:\/\/libreyfacil.com\/dg\/index.php\/wp-json\/wp\/v2\/product_brand?post=981"},{"taxonomy":"product_cat","embeddable":true,"href":"https:\/\/libreyfacil.com\/dg\/index.php\/wp-json\/wp\/v2\/product_cat?post=981"},{"taxonomy":"product_tag","embeddable":true,"href":"https:\/\/libreyfacil.com\/dg\/index.php\/wp-json\/wp\/v2\/product_tag?post=981"}],"curies":[{"name":"wp","href":"https:\/\/api.w.org\/{rel}","templated":true}]}}