{"id":977,"date":"2021-11-05T21:13:45","date_gmt":"2021-11-05T21:13:45","guid":{"rendered":"https:\/\/emprendefacil.com\/dg\/?post_type=product&#038;p=977"},"modified":"2022-02-07T23:11:42","modified_gmt":"2022-02-07T23:11:42","slug":"cosmetica-como-negocio-y-trabajo","status":"publish","type":"product","link":"https:\/\/libreyfacil.com\/dg\/index.php\/producto\/cosmetica-como-negocio-y-trabajo\/","title":{"rendered":"COSMETICA COMO NEGOCIO Y TRABAJO"},"content":{"rendered":"","protected":false},"excerpt":{"rendered":"<p>Con un solo y \u00fanico pago accede ilimitadamente y para toda la vida (incluyendo actualizaciones) al programa de cosm\u00e9tica como oportunidad de negocio y de trabajo. Tienes una Garant\u00eda Incondicional de 7 D\u00edas para Probar el Programa. Si crees que el programa no es lo esperado, puedes solicitar el reintegro total.<\/p>\n<h4>\u00bfQU\u00c9 VAS A LOGRAR?<\/h4>\n<p>Cosm\u00e9tica como Oportunidad de Negocio y Trabajo es un completo programa de formaci\u00f3n a trav\u00e9s de Internet.<\/p>\n<p>Por medio de las lecciones en v\u00eddeo podr\u00e1s aprender a crear tus propios productos, tu propia marca y tu propio negocio de cosm\u00e9tica en sectores como la salud, la belleza o la est\u00e9tica.<\/p>\n<p>Tambi\u00e9n podr\u00e1s aprender a generar ALTOS INGRESOS comercializando los productos o servicios de otras empresas y marcas reconocidas.<\/p>\n<p>La salud, est\u00e9tica y belleza es una de las industrias industrias m\u00e1s grandes, importantes y RENTABLES del mundo. Aprovecha el crecimiento y aprende a crear tu propia marca de productos cosm\u00e9ticos.<\/p>\n<p>Es el momento de convertir r\u00e1pido y f\u00e1cilmente un negocio muy rentable en tu trabajo principal.<\/p>\n<h4>\u00bfC\u00d3MO LO VAS A LOGRAR?<\/h4>\n<p>M\u00e1s de 30 lecciones en video donde podr\u00e1s aprender todo sobre la industria cosm\u00e9tica y como generar altos ingresos con m\u00faltiples modelos de ingreso\u00a0 y lo mejor,\u00a0 de la mano de uno de las personas m\u00e1s reconocidas en la industria<\/p>\n<p><strong>\u00a0BONOS<\/strong><\/p>\n<p>Adicional, encontrar\u00e1s un m\u00f3dulo completo de recetas listas, efectivas y probadas para crear MAQUILLAJE, JABONES Y CHAMP\u00da, CREMAS, MASCARILLAS, BLOQUEADORES, LIMPIADORES FACIALES, CREMAS HIDRATANTES, DESODORANTES con tu propia marca aprovechando la din\u00e1mica y los proveedores locales y tambi\u00e9n a partir de fabricantes de China por medio de Alibaba.<\/p>\n<div class=\"curriculum-heading\">\n<h3 class=\"curriculum-title\">PROGRAMA DEL CURSO<\/h3>\n<div class=\"meta-section\">\n<div id=\"section-83\" class=\"section js-call-accordion\" data-id=\"83\">\n<p class=\"section-heading js-toggle-accordion \">Lecci\u00f3n No.1 \u2013 Cuanto te vas a ganar en este negocio y en cuanto tiempo.<\/p>\n<\/div>\n<p class=\"section-heading js-toggle-accordion \">Lecci\u00f3n No.2 \u2013 Los 9 diferentes modelos de negocio e ingreso de dinero.<\/p>\n<p class=\"section-heading js-toggle-accordion \">Lecci\u00f3n No.3 \u2013 Creando YA tu propio producto, servicio y marca cosm\u00e9tica.<\/p>\n<p class=\"section-heading js-toggle-accordion \">Lecci\u00f3n No.4 \u2013 Creando tu propio producto y marca con China y ODMem.<\/p>\n<p class=\"section-heading js-toggle-accordion \">Lecci\u00f3n No.5 \u2013 Comercializando tu propio producto y marca. Canales listos.<\/p>\n<p class=\"section-heading js-toggle-accordion \">Lecci\u00f3n No.6 \u2013 Comercializando productos y marcas de terceros. POD, AFF.<\/p>\n<p class=\"section-heading js-toggle-accordion \">Lecci\u00f3n No.7 \u2013 Fabricantes y suppliers LISTOS de productos de cosm\u00e9tica.<\/p>\n<p class=\"section-heading js-toggle-accordion \">Lecci\u00f3n No.8 \u2013 Otras oportunidades con aparatolog\u00eda, est\u00e9tica y cosm\u00e9tica.<\/p>\n<p class=\"section-heading js-toggle-accordion \">Lecci\u00f3n No.9 \u2013 Venta de productos y servicios para diferentes tipos de piel.<\/p>\n<p class=\"section-heading js-toggle-accordion \">Lecci\u00f3n No.10 \u2013 T\u00e9cnicas de e-Commerce profesionales para comercializar el negocio, marca, productos y servicios de cosm\u00e9tica.<\/p>\n<div id=\"section-93\" class=\"section js-call-accordion \" data-id=\"93\">\n<p class=\"section-heading js-toggle-accordion \">Y 25 lecciones m\u00e1s con actualizaci\u00f3n permanente!<\/p>\n<\/div>\n<\/div>\n<\/div>\n","protected":false},"featured_media":978,"template":"","meta":[],"product_brand":[],"product_cat":[47],"product_tag":[],"class_list":{"0":"post-977","1":"product","2":"type-product","3":"status-publish","4":"has-post-thumbnail","6":"product_cat-independizate-con-tu-propio-emprendimiento","8":"first","9":"instock","10":"shipping-taxable","11":"product-type-external"},"aioseo_notices":[],"_links":{"self":[{"href":"https:\/\/libreyfacil.com\/dg\/index.php\/wp-json\/wp\/v2\/product\/977","targetHints":{"allow":["GET"]}}],"collection":[{"href":"https:\/\/libreyfacil.com\/dg\/index.php\/wp-json\/wp\/v2\/product"}],"about":[{"href":"https:\/\/libreyfacil.com\/dg\/index.php\/wp-json\/wp\/v2\/types\/product"}],"wp:featuredmedia":[{"embeddable":true,"href":"https:\/\/libreyfacil.com\/dg\/index.php\/wp-json\/wp\/v2\/media\/978"}],"wp:attachment":[{"href":"https:\/\/libreyfacil.com\/dg\/index.php\/wp-json\/wp\/v2\/media?parent=977"}],"wp:term":[{"taxonomy":"product_brand","embeddable":true,"href":"https:\/\/libreyfacil.com\/dg\/index.php\/wp-json\/wp\/v2\/product_brand?post=977"},{"taxonomy":"product_cat","embeddable":true,"href":"https:\/\/libreyfacil.com\/dg\/index.php\/wp-json\/wp\/v2\/product_cat?post=977"},{"taxonomy":"product_tag","embeddable":true,"href":"https:\/\/libreyfacil.com\/dg\/index.php\/wp-json\/wp\/v2\/product_tag?post=977"}],"curies":[{"name":"wp","href":"https:\/\/api.w.org\/{rel}","templated":true}]}}