{"id":962,"date":"2021-11-05T20:29:46","date_gmt":"2021-11-05T20:29:46","guid":{"rendered":"https:\/\/emprendefacil.com\/dg\/?post_type=product&#038;p=962"},"modified":"2022-02-07T23:13:08","modified_gmt":"2022-02-07T23:13:08","slug":"branded-e-commerce-alibaba","status":"publish","type":"product","link":"https:\/\/libreyfacil.com\/dg\/index.php\/producto\/branded-e-commerce-alibaba\/","title":{"rendered":"BRANDED E-COMMERCE ALIBABA"},"content":{"rendered":"","protected":false},"excerpt":{"rendered":"<div class=\"custom-skin-row\">\n<div class=\"custom-skin-column width-2\">\n<div class=\"hotpay-text ql-editor\" data-v-2818f45e=\"\">\n<p><strong>Con el MasterClass BRANDED E-COMMERCE ALIBABA, aprende el proceso para negociar con un fabricante en China, comprar sus productos, venderlos desde tu casa y comenzar a operar tu negocio lo antes posible.<\/strong><\/p>\n<p><strong class=\"ql-size-large\">\u00bfQU\u00c9 VAS A LOGRAR?<\/strong><\/p>\n<p>Aprender\u00e1s desde cero todo el proceso de compra en Alibaba<br \/>\nConocer\u00e1s las generalidades y vocabulario para negociar con los fabricantes en China<br \/>\nAprender\u00e1s los conceptos y consideraciones fundamentales para escoger un proveedor<br \/>\nIdentificar\u00e1s diferentes nichos y productos para comprar en Alibaba<br \/>\nConocer\u00e1s qu\u00e9 grav\u00e1menes e impuestos tener en cuenta al realizar la importaci\u00f3n de tus productos<br \/>\nAprender\u00e1s c\u00f3mo validar un producto mediante campa\u00f1as en Facebook Ads<br \/>\nAcceder\u00e1s a grabaciones de talleres en vivo d\u00f3nde aprender\u00e1s c\u00f3mo realizar campa\u00f1as en Facebook Ads de diferentes nichos<br \/>\nAcceder\u00e1s al certificado avalado por Hotmart y Seminarios Online.<\/p>\n<p><strong class=\"ql-size-large\">\u00bfC\u00d3MO LO VAS A LOGRAR?<\/strong><\/p>\n<p>Parte No.1: Introducci\u00f3n a E-commerce y Ejemplo<br \/>\nParte No.2 Ejemplo Alibaba y Recomendaciones<br \/>\nParte No.3 Generalidades y Recorrido por Alibaba<br \/>\nParte No.4 Vocabulario Importante para negociar con Fabricantes<br \/>\nParte No.5 Conceptos importantes OEM\/ODM\/CM<br \/>\nParte No.6 Nichos y Productos \/ Ejemplo desde cero<br \/>\nParte No.7 \u00bfQu\u00e9 factores tener en cuenta para escoger un proveedor? Parte 1<br \/>\nParte No.8 \u00bfQu\u00e9 factores tener en cuenta para escoger un proveedor? Parte 2<br \/>\nParte No.9 Empaques del producto y Ejemplo de pedido desde Alibaba<br \/>\nParte No.10 Env\u00edos y Aduanas (Grav\u00e1menes e Impuestos)<br \/>\nParte No.11 Ejemplo de una transacci\u00f3n real hacia Colombia<br \/>\nParte No.12 Costo del producto listo para Comercializar en Internet<br \/>\nParte No.13 Taller en vivo: Vendiendo un Producto Ganador<br \/>\nParte No.14 Taller en vivo: C\u00f3mo vender ropa por Internet caso real<br \/>\nParte No.15 Ejemplo de Validaci\u00f3n con Campa\u00f1a en Facebook Ads<br \/>\nParte No.16 Taller en vivo: 261 D\u00f3lares profit en 6 horas<br \/>\nParte No.17 Taller en vivo: Producto y Nicho Millonario<br \/>\nParte No.18 Ejemplo de venta de un Producto con Campa\u00f1a en Facebook Ads<br \/>\nParte No.19 Ejemplo detallado de venta de un Producto<br \/>\nParte No.20 Taller en vivo: Nicho Rentable<br \/>\nParte No.21 Taller en vivo: C\u00f3mo vender Joyer\u00eda y hacer mucho dinero<br \/>\nM\u00f3dulo 2. C\u00f3mo obtener tu certificado<\/p>\n<p><strong>ACERCA DE LOS PRODUCTORES<\/strong><\/p>\n<p><strong>MAURICIO DUQUE ZULUAGA:<\/strong> Administrador de negocios de la universidad de San Buenaventura, Maestr\u00eda en \u201ce-businnes\u201d Universidad de los andes. Especializaciones en \u201cDerecho de las telecomunicaciones y TICS\u201d &amp; \u201ce-commerce de productos digitales\u201d; ambas en la Universidad de los Andes.<\/p>\n<p>Fundador de MasterClassesLa, un cat\u00e1logo con casi 450 productos. Adem\u00e1s, fundador de SeminariosOnline una membres\u00eda con m\u00e1s de 100.000 seguidores y usuarios activos en Latinoam\u00e9rica. Ha ocupado los primeros lugares en el mercado de HOTMART; una de las plataformas de productos digitales m\u00e1s importantes del mundo.<\/p>\n<p><strong>MARCELA CAJAS: <\/strong>Ingeniera en electr\u00f3nica y telecomunicaciones, con m\u00e1s de 4 a\u00f1os de experiencia implementando estrategias de marketing digital para comercio electr\u00f3nico y dropshipping.<\/p>\n<p>Estratega digital en una empresa de consultor\u00eda de marketing digital Conexo Digital. Es quien dar\u00e1 el acompa\u00f1amiento con las preguntas y actualizaciones permanentes.<\/p>\n<div class=\"custom-skin-row\">\n<div class=\"custom-skin-column width-3\">\n<div class=\"hotpay-text ql-editor\" data-v-2818f45e=\"\">\n<p class=\"ql-align-center\"><strong>BONO No 1: <\/strong><strong>ACTUALIZACIONES CONSTANTES<\/strong><\/p>\n<p><span class=\"ql-size-small\">Se subir\u00e1n continuamente clases con contenido que haya cambiado dentro de Alibaba y recomendaciones de acuerdo a las actualizaciones en la plataforma.\u00a0<\/span><\/p>\n<\/div>\n<\/div>\n<\/div>\n<div class=\"custom-skin-row\">\n<div class=\"custom-skin-column width-3\">\n<div class=\"hotpay-image crop-default size-small\" data-v-23ba19e8=\"\">\n<div class=\"hotpay-image-crop\" data-v-23ba19e8=\"\"><img loading=\"lazy\" decoding=\"async\" class=\"\" src=\"https:\/\/static-media.hotmart.com\/NpRSl2mGchCV3LSFzupLYXMUT5o=\/512x512\/filters:quality(100)\/hotmart\/checkout_custom\/ff1760cf-dc42-4b32-9553-3597c725609e\/yc9vkxxie.png\" width=\"186\" height=\"186\" data-v-23ba19e8=\"\" \/><\/div>\n<\/div>\n<\/div>\n<\/div>\n<div class=\"custom-skin-row\">\n<div class=\"custom-skin-column width-3\">\n<div class=\"hotpay-text ql-editor\" data-v-2818f45e=\"\">\n<p class=\"ql-align-center\"><strong>BONO No 2: <\/strong><strong>EBOOK GU\u00cdA PARA IMPORTACIONES<\/strong><\/p>\n<p><span class=\"ql-size-small\">Tendr\u00e1s acceso a una gu\u00eda completa con el paso a paso para realizar una importaci\u00f3n. Esta gu\u00eda contiene el vocabulario m\u00e1s importante para negociar con los proveedores, los Incoterms m\u00e1s utilizados, operadores y agentes, costos de operaci\u00f3n en una importaci\u00f3n, formas de pago, documentos de importaci\u00f3n, partida arancelaria y recomendaciones.<\/span><\/p>\n<\/div>\n<\/div>\n<\/div>\n<div class=\"custom-skin-row\">\n<div class=\"custom-skin-column width-3\">\n<div class=\"hotpay-image crop-default size-small\" data-v-23ba19e8=\"\">\n<div class=\"hotpay-image-crop\" data-v-23ba19e8=\"\"><img loading=\"lazy\" decoding=\"async\" class=\"\" src=\"https:\/\/static-media.hotmart.com\/NMw_dpUOi04d1boCgxNxWH9fNcc=\/512x512\/filters:quality(100)\/hotmart\/checkout_custom\/bdff1bcc-2a50-4bfe-882f-5d30e2995c2b\/064vqvbmi.png\" width=\"187\" height=\"187\" data-v-23ba19e8=\"\" \/><\/div>\n<\/div>\n<\/div>\n<\/div>\n<div class=\"custom-skin-row\">\n<div class=\"custom-skin-column width-3\">\n<div class=\"hotpay-text ql-editor\" data-v-2818f45e=\"\">\n<p class=\"ql-align-center\"><strong>BONO No 3: <\/strong><strong>FACEBOOK ADS PARA E-COMMERCE<\/strong><\/p>\n<p><span class=\"ql-size-small\">Aprender\u00e1s c\u00f3mo montar campa\u00f1as en Facebook e Instagram Ads paso a paso, para vender tus productos importados.<\/span><\/p>\n<\/div>\n<\/div>\n<\/div>\n<\/div>\n<\/div>\n<\/div>\n","protected":false},"featured_media":963,"template":"","meta":[],"product_brand":[],"product_cat":[47],"product_tag":[],"class_list":{"0":"post-962","1":"product","2":"type-product","3":"status-publish","4":"has-post-thumbnail","6":"product_cat-independizate-con-tu-propio-emprendimiento","8":"first","9":"instock","10":"shipping-taxable","11":"product-type-external"},"aioseo_notices":[],"_links":{"self":[{"href":"https:\/\/libreyfacil.com\/dg\/index.php\/wp-json\/wp\/v2\/product\/962","targetHints":{"allow":["GET"]}}],"collection":[{"href":"https:\/\/libreyfacil.com\/dg\/index.php\/wp-json\/wp\/v2\/product"}],"about":[{"href":"https:\/\/libreyfacil.com\/dg\/index.php\/wp-json\/wp\/v2\/types\/product"}],"wp:featuredmedia":[{"embeddable":true,"href":"https:\/\/libreyfacil.com\/dg\/index.php\/wp-json\/wp\/v2\/media\/963"}],"wp:attachment":[{"href":"https:\/\/libreyfacil.com\/dg\/index.php\/wp-json\/wp\/v2\/media?parent=962"}],"wp:term":[{"taxonomy":"product_brand","embeddable":true,"href":"https:\/\/libreyfacil.com\/dg\/index.php\/wp-json\/wp\/v2\/product_brand?post=962"},{"taxonomy":"product_cat","embeddable":true,"href":"https:\/\/libreyfacil.com\/dg\/index.php\/wp-json\/wp\/v2\/product_cat?post=962"},{"taxonomy":"product_tag","embeddable":true,"href":"https:\/\/libreyfacil.com\/dg\/index.php\/wp-json\/wp\/v2\/product_tag?post=962"}],"curies":[{"name":"wp","href":"https:\/\/api.w.org\/{rel}","templated":true}]}}