{"id":960,"date":"2021-11-05T19:53:33","date_gmt":"2021-11-05T19:53:33","guid":{"rendered":"https:\/\/emprendefacil.com\/dg\/?post_type=product&#038;p=960"},"modified":"2022-02-07T23:13:55","modified_gmt":"2022-02-07T23:13:55","slug":"aprende-primeros-auxilios","status":"publish","type":"product","link":"https:\/\/libreyfacil.com\/dg\/index.php\/producto\/aprende-primeros-auxilios\/","title":{"rendered":"APRENDE PRIMEROS AUXILIOS"},"content":{"rendered":"","protected":false},"excerpt":{"rendered":"<p><strong>\u00a1LOS PRIMEROS SEGUNDOS PARA ACTUAR EN UNA EMERGENCIA SON VITALES!<\/strong><\/p>\n<p><em>*** <span style=\"color: #0000ff;\">Aprovecha el 50% de descuento<\/span> disponible hasta hoy escribiendo el n\u00famero del cup\u00f3n <strong>031016<\/strong> en el campo que se encuentra justo debajo del campo &#8220;Tu email&#8221; en la interfaz de pago<\/em><\/p>\n<p>Si est\u00e1s preparado, puedes incluso, salvar la vida de alguien.<\/p>\n<p>Con el MasterClass <strong>APRENDE PRIMERO AUXILIOS<\/strong>, proporciona ayuda cualificada para hacerlo correctamente.<\/p>\n<p><strong class=\"ql-size-large\">\u00bfQU\u00c9 VAS A LOGRAR?<\/strong><\/p>\n<ul>\n<li>Conocer c\u00f3mo evitar una condici\u00f3n m\u00e9dica de mayor complejidad.<\/li>\n<li>Desbloquear tu mente y aplicar las t\u00e9cnicas de atenci\u00f3n r\u00e1pida en accidentes de trabajo, de tr\u00e1nsito o en casa.<\/li>\n<li>Preparar a la persona\/v\u00edctima\/paciente para una atenci\u00f3n m\u00e9dica posterior y mejorar las probabilidades de recuperaci\u00f3n.<\/li>\n<li>Proporcionar ayuda cualificada en diversas situaciones de emergencia, a tu familia, tus amigos o compa\u00f1eros de trabajo.<\/li>\n<li>Comprender por qu\u00e9 muchas de las muertes podr\u00edan evitarse si tuvi\u00e9ramos unas nociones b\u00e1sicas de primeros auxilios.<\/li>\n<li>Entender la relevancia del porqu\u00e9 \u201cEl primer minuto despu\u00e9s de una situaci\u00f3n de emergencia es fundamental, para prevenir muchas muertes o secuelas posteriores\u201d.<\/li>\n<li>Descubrir c\u00f3mo las t\u00e9cnicas iniciales de primeros auxilios pueden mejorar la eficacia de la atenci\u00f3n m\u00e9dica posterior.<\/li>\n<li>Saber d\u00f3nde consultar tus preguntas sobre primeros auxilios y mejorar tus t\u00e9cnicas. Recuerda que: \u201cLa gente no se bloquea con la cabeza, se bloquea con el cuerpo\u201d.<\/li>\n<li>Acceder a los contenidos PARA TODA LA VIDA y tambi\u00e9n a todas las actualizaciones que haga del programa.<\/li>\n<li>Acceder a un sistema de comentarios en los que podr\u00e1s publicar tus preguntas y recibir una respuesta precisa y r\u00e1pida que te permita seguir con tu capacitaci\u00f3n.<\/li>\n<li>Acceder al diploma descargable avalado por Hotmart y SeminariosOnline.<\/li>\n<\/ul>\n<p><strong class=\"ql-size-large\">\u00bfC\u00d3MO LO VAS A LOGRAR?<\/strong><\/p>\n<ul>\n<li>Qu\u00e9 son los primeros auxilios y su importancia.<\/li>\n<li>Botiqu\u00edn de primeros auxilios.<\/li>\n<li>Signos Vitales.<\/li>\n<li>El socorrista o Primer Respondiente.<\/li>\n<li>Actuaci\u00f3n general ante emergencia.<\/li>\n<li>Valoraci\u00f3n Primaria y secundaria en Primeros auxilios.<\/li>\n<li>C\u00f3mo revisar a una persona consciente, inconsciente.<\/li>\n<li>C\u00f3mo revisar a un adulto a un ni\u00f1o o beb\u00e9.<\/li>\n<li>Cadena de Supervivencia.<\/li>\n<li>RCP en Adultos, Ni\u00f1os y Reci\u00e9n Nacidos.<\/li>\n<li>Desfibriladores autom\u00e1ticos externos.<\/li>\n<li>Abordaje de la Asfixia.<\/li>\n<li>Atragantamiento en Adultos, Ni\u00f1os y RN.<\/li>\n<li>Crisis Diab\u00e9ticas y Al\u00e9rgicas.<\/li>\n<li>Deshidrataci\u00f3n.<\/li>\n<li>Crisis Asm\u00e1ticas, Hipertensivas.<\/li>\n<li>Consumo de alcohol.<\/li>\n<li>Sangrado nasal.<\/li>\n<li>Hemorragias.<\/li>\n<li>Shock.<\/li>\n<li>Lesiones El\u00e9ctricas.<\/li>\n<li>Ahogamiento.<\/li>\n<li>Incendio en Vivienda.<\/li>\n<li>Accidente Dental.<\/li>\n<li>Cuerpo extra\u00f1o ojo, nariz y o\u00eddo.<\/li>\n<li>Lesi\u00f3n por Rayo, lesi\u00f3n ocular.<\/li>\n<li>Lesiones t\u00e9rmicas.<\/li>\n<li>Miembro seccionado\/amputaci\u00f3n.<\/li>\n<li>Herida en el Abdomen, Herida Grave y Leve.<\/li>\n<li>Herida en el T\u00f3rax.<\/li>\n<li>Esguince o Torcedura de tobillo.<\/li>\n<li>Fractura de Pierna.<\/li>\n<li>Traumatismo cr\u00e1neo y columna.<\/li>\n<li>Fractura de Brazo.<\/li>\n<li>Quemaduras en general.<\/li>\n<li>Quemaduras en ni\u00f1os, Leves y Graves.<\/li>\n<li>Mordedura de serpiente.<\/li>\n<li>Picadura de Garrapata, de Medusa.<\/li>\n<li>Mordedura animal humana.<\/li>\n<li>Picadura o mordedura varios animales.<\/li>\n<li>Picadura de abeja.<\/li>\n<li>Convulsiones.<\/li>\n<li>Derrame cerebral.<\/li>\n<li>P\u00e9rdida del conocimiento o Lipotimia.<\/li>\n<li>Desmayo.<\/li>\n<li>Intoxicaci\u00f3n por Mon\u00f3xido de Carbono.<\/li>\n<li>Intoxicaci\u00f3n Qu\u00edmica y Alimentaria.<\/li>\n<li>Envenenamiento.<\/li>\n<li>Intoxicaci\u00f3n por Humo y Gases.<\/li>\n<li>Plantas venenosas.<\/li>\n<li>Posici\u00f3n lateral de Seguridad.<\/li>\n<li>Traslado y transporte de accidentados.<\/li>\n<\/ul>\n<p><strong>Informaci\u00f3n sobre el Productor:<\/strong><\/p>\n<p>Desarrollado por ALEXANDRO MART\u00cdN, graduado en Radiodiagn\u00f3stico y Medicina Nuclear en Espa\u00f1a.<\/p>\n<p>Conferencista con m\u00e1s de 5 a\u00f1os en charlas de Promoci\u00f3n de la Salud p\u00fablica en varios pa\u00edses de Sudam\u00e9rica, acad\u00e9mico de 5 a\u00f1os de medicina.<\/p>\n<p>Ha sido premiado con varios reconocimientos de instituciones p\u00fablicas y privadas realizando las charlas de sensibilizaci\u00f3n y programas de Salud Preventiva.<\/p>\n","protected":false},"featured_media":961,"template":"","meta":[],"product_brand":[],"product_cat":[53],"product_tag":[],"class_list":{"0":"post-960","1":"product","2":"type-product","3":"status-publish","4":"has-post-thumbnail","6":"product_cat-estilo-de-vida","8":"first","9":"instock","10":"sale","11":"shipping-taxable","12":"product-type-external"},"aioseo_notices":[],"_links":{"self":[{"href":"https:\/\/libreyfacil.com\/dg\/index.php\/wp-json\/wp\/v2\/product\/960","targetHints":{"allow":["GET"]}}],"collection":[{"href":"https:\/\/libreyfacil.com\/dg\/index.php\/wp-json\/wp\/v2\/product"}],"about":[{"href":"https:\/\/libreyfacil.com\/dg\/index.php\/wp-json\/wp\/v2\/types\/product"}],"wp:featuredmedia":[{"embeddable":true,"href":"https:\/\/libreyfacil.com\/dg\/index.php\/wp-json\/wp\/v2\/media\/961"}],"wp:attachment":[{"href":"https:\/\/libreyfacil.com\/dg\/index.php\/wp-json\/wp\/v2\/media?parent=960"}],"wp:term":[{"taxonomy":"product_brand","embeddable":true,"href":"https:\/\/libreyfacil.com\/dg\/index.php\/wp-json\/wp\/v2\/product_brand?post=960"},{"taxonomy":"product_cat","embeddable":true,"href":"https:\/\/libreyfacil.com\/dg\/index.php\/wp-json\/wp\/v2\/product_cat?post=960"},{"taxonomy":"product_tag","embeddable":true,"href":"https:\/\/libreyfacil.com\/dg\/index.php\/wp-json\/wp\/v2\/product_tag?post=960"}],"curies":[{"name":"wp","href":"https:\/\/api.w.org\/{rel}","templated":true}]}}