{"id":957,"date":"2021-11-05T19:46:49","date_gmt":"2021-11-05T19:46:49","guid":{"rendered":"https:\/\/emprendefacil.com\/dg\/?post_type=product&#038;p=957"},"modified":"2022-02-07T23:14:35","modified_gmt":"2022-02-07T23:14:35","slug":"animate-y-ponle-fin-a-tu-solteria","status":"publish","type":"product","link":"https:\/\/libreyfacil.com\/dg\/index.php\/producto\/animate-y-ponle-fin-a-tu-solteria\/","title":{"rendered":"ANIMATE Y PONLE FIN A TU SOLTER\u00cdA"},"content":{"rendered":"","protected":false},"excerpt":{"rendered":"<p><strong>\u00bfTe cansaste de tu solter\u00eda y crees que es hora de buscar pareja?<\/strong><\/p>\n<p>Con el masterclass ANIMATE Y PONLE FIN A TU SOLTER\u00cdA, aumenta la confianza en ti y pierde el temor a entregarte nuevamente al amor.<\/p>\n<p><strong class=\"ql-size-large\">\u00bfQU\u00c9 VAS A LOGRAR?<\/strong><\/p>\n<ul>\n<li>Definir\u00e1s con claridad, certeza y sencillez lo que realmente es la solter\u00eda.<\/li>\n<\/ul>\n<ul>\n<li>Comprender\u00e1s de manera m\u00e1s l\u00f3gica y menos emocional, por qu\u00e9 las personas solteras tienen comportamientos espec\u00edficos.<\/li>\n<\/ul>\n<ul>\n<li>Aprender\u00e1s lo que la neurociencia ha descubierto del cerebro, su funcionamiento y su influencia en las conductas de las personas solteras.<\/li>\n<\/ul>\n<ul>\n<li>Reconocer\u00e1s los mitos que hay detr\u00e1s del tema de la solter\u00eda.<\/li>\n<\/ul>\n<ul>\n<li>Desarrollar\u00e1s habilidades b\u00e1sicas de crecimiento personal que optimizaran significativamente tu relaci\u00f3n contigo mismo.<\/li>\n<\/ul>\n<ul>\n<li>Identificar\u00e1s, analizar\u00e1s y modificar\u00e1s esquemas mentales predeterminados en tu cerebro.<\/li>\n<\/ul>\n<ul>\n<li>Aumentar\u00e1s tus habilidades comunicativas.<\/li>\n<\/ul>\n<ul>\n<li>Mejorar\u00e1s tus habilidades para fortalecer tu autoimagen, autoestima, autoconcepto y autovaloraci\u00f3n.<\/li>\n<\/ul>\n<ul>\n<li>Estar\u00e1s listo para lanzarte al ruedo\u2026y acabar con tu solter\u00eda.<\/li>\n<\/ul>\n<p>&nbsp;<\/p>\n<ul>\n<li>Adquirir\u00e1s conceptos y ejercicios sencillos acerca de lo que es el crecimiento personal, el rol de ser soltero hoy, y lo m\u00e1s importante, estar\u00e1s preparado para tener bienestar emocional y mental, estando soltero o con pareja.<\/li>\n<\/ul>\n<ul>\n<li>Acceder\u00e1s al certificado avalado por Hotmart y Seminarios Online.<\/li>\n<\/ul>\n<p><strong class=\"ql-size-large\">\u00bfC\u00d3MO LO VAS A LOGRAR?<\/strong><\/p>\n<p>A trav\u00e9s del siguiente contenido, estructurado paso a paso:<\/p>\n<p>M\u00d3DULO 1 &#8211; LANZ\u00c1NDOME AL RUEDO&#8230; \u00a1ACABEMOS CON NUESTRA SOLTER\u00cdA!<\/p>\n<ul>\n<li>Bienvenida al curso.<\/li>\n<li>Introducci\u00f3n al curso.<\/li>\n<li>Grupo privado y redes sociales.<\/li>\n<\/ul>\n<p>M\u00d3DULO 2 &#8211; SESIONES<\/p>\n<ul>\n<li>Sesi\u00f3n 1 &#8211; Definamos qu\u00e9 es la solter\u00eda.<\/li>\n<li>Sesi\u00f3n 2 &#8211; \u00bfPor qu\u00e9 existe tanta solter\u00eda?<\/li>\n<li>Sesi\u00f3n 3 &#8211; Tipos de solter\u00eda.<\/li>\n<li>Sesi\u00f3n 4 &#8211; Principales razones por las que las personas deciden estar solteras.<\/li>\n<li>Sesi\u00f3n 5 &#8211; Efectos secundarios de estar solteros (parte 1).<\/li>\n<li>Sesi\u00f3n 6 &#8211; Efectos secundarios de estar solteros (parte 2).<\/li>\n<li>Sesi\u00f3n 7 &#8211; Mitos de la solter\u00eda.<\/li>\n<li>Sesi\u00f3n 8 &#8211; Nuestros 3 cerebros.<\/li>\n<li>Sesi\u00f3n 9 &#8211; Cerebros, \u00bfMasculino y femenino? (parte 1).<\/li>\n<li>Sesi\u00f3n 10 &#8211; Cerebros, \u00bfMasculino y femenino? (parte 2).<\/li>\n<li>Sesi\u00f3n 11 &#8211; Los Neurotransmisores.<\/li>\n<li>Sesi\u00f3n 12 &#8211; Las Neuro asociaciones.<\/li>\n<li>Sesi\u00f3n 13 &#8211; Los esquemas de la mente.<\/li>\n<li>Sesi\u00f3n 14 &#8211; Las 4A para las 3A.<\/li>\n<li>Sesi\u00f3n 15 &#8211; Razones para dejar la solter\u00eda.<\/li>\n<li>Sesi\u00f3n 16 &#8211; \u00bfEstoy listo para lanzarme al ruedo?<\/li>\n<li>Sesi\u00f3n 17 &#8211; La solter\u00eda es un rol \u00bfc\u00f3mo lo asumiremos?<\/li>\n<li>Sesi\u00f3n 18 &#8211; \u00bfDe qu\u00e9 manera me har\u00e9 visible?<\/li>\n<li>Sesi\u00f3n 19 &#8211; Al lanzarte al ruedo, evita al m\u00e1ximo\u2026<\/li>\n<li>Sesi\u00f3n 20 &#8211; NO cambies tu chip, estando en el ruedo<\/li>\n<li>Despedida<\/li>\n<\/ul>\n<p>M\u00d3DULO 3 \u2013 BONUS<\/p>\n<ul>\n<li>Bono 1 &#8211; PAINT &#8211; 21 reflexiones diarias para tu crecimiento personal.<\/li>\n<li>Bono 2 &#8211; Comunicaci\u00f3n no verbal.<\/li>\n<li>Bono 3 &#8211; New Me.<\/li>\n<\/ul>\n<p>\u00bfCOMO OBTENER TU CERTIFICADO?<\/p>\n<p><strong>ACERCA DEL PRODUCTOR<\/strong><\/p>\n<p>Desarrollado por FREDY RODR\u00cdGUEZ, colombiano, un hombre consagrado y entusiasta de la educaci\u00f3n y el crecimiento personal emocional por m\u00e1s de 20 a\u00f1os.<\/p>\n<p>A trav\u00e9s de encuentros casuales diarios, pasando por las aulas de clase, hasta llegar a escenarios como conferencista, ha desarrollado su pasi\u00f3n por el crecimiento personal y especialmente el fortalecimiento de la inteligencia emocional de las personas y sus relaciones de pareja. Este Bogotano, Neuroeducador y escritor, ha tenido la oportunidad de acompa\u00f1ar procesos de liderazgo e implementaci\u00f3n de modelos de desarrollo personal en empresas, colegios y diferentes instituciones que hayan requerido de sus conocimientos y experticia.<\/p>\n<p>En los \u00faltimos 15 a\u00f1os ha dedicado su tiempo como terapeuta al acompa\u00f1amiento de procesos de personas con diferentes trastornos de su mente, como lo son la Ansiedad, Distimia, Estr\u00e9s, Depresi\u00f3n, entre otros. Ha dedicado tiempo en la orientaci\u00f3n de personas que necesitan estabilizar su sistema emocional para poder avanzar en sus proyectos.<\/p>\n<p>A trav\u00e9s de la TCC (Terapia cognitivo-conductual) ha orientado a hombres y mujeres a comprender de manera mucho m\u00e1s sencilla, l\u00f3gica y tranquila sus diferentes situaciones de vida, llev\u00e1ndolos a que ellos mismos puedan sentir alivio emocional desde las primeras sesiones.<\/p>\n<p>Apasionado por la certeza que el amor propio y de parejas es un motor en la vida de las personas que les permite llevar sus vidas sanas, maduras y emocionalmente estables, gran parte de su vocaci\u00f3n en los \u00faltimos 10 a\u00f1os ha sido el apoyar cientos de parejas y personas solteras acompa\u00f1\u00e1ndolos en procesos de autoobservaci\u00f3n, autoevaluaci\u00f3n y finalmente juntos, determinar acciones concretas para el desarrollo y crecimiento de sus vidas.<\/p>\n","protected":false},"featured_media":958,"template":"","meta":[],"product_brand":[],"product_cat":[53],"product_tag":[],"class_list":{"0":"post-957","1":"product","2":"type-product","3":"status-publish","4":"has-post-thumbnail","6":"product_cat-estilo-de-vida","8":"first","9":"instock","10":"shipping-taxable","11":"product-type-external"},"aioseo_notices":[],"_links":{"self":[{"href":"https:\/\/libreyfacil.com\/dg\/index.php\/wp-json\/wp\/v2\/product\/957","targetHints":{"allow":["GET"]}}],"collection":[{"href":"https:\/\/libreyfacil.com\/dg\/index.php\/wp-json\/wp\/v2\/product"}],"about":[{"href":"https:\/\/libreyfacil.com\/dg\/index.php\/wp-json\/wp\/v2\/types\/product"}],"wp:featuredmedia":[{"embeddable":true,"href":"https:\/\/libreyfacil.com\/dg\/index.php\/wp-json\/wp\/v2\/media\/958"}],"wp:attachment":[{"href":"https:\/\/libreyfacil.com\/dg\/index.php\/wp-json\/wp\/v2\/media?parent=957"}],"wp:term":[{"taxonomy":"product_brand","embeddable":true,"href":"https:\/\/libreyfacil.com\/dg\/index.php\/wp-json\/wp\/v2\/product_brand?post=957"},{"taxonomy":"product_cat","embeddable":true,"href":"https:\/\/libreyfacil.com\/dg\/index.php\/wp-json\/wp\/v2\/product_cat?post=957"},{"taxonomy":"product_tag","embeddable":true,"href":"https:\/\/libreyfacil.com\/dg\/index.php\/wp-json\/wp\/v2\/product_tag?post=957"}],"curies":[{"name":"wp","href":"https:\/\/api.w.org\/{rel}","templated":true}]}}