{"id":898,"date":"2021-11-04T18:46:54","date_gmt":"2021-11-04T18:46:54","guid":{"rendered":"https:\/\/emprendefacil.com\/dg\/?post_type=product&#038;p=898"},"modified":"2022-02-07T23:15:21","modified_gmt":"2022-02-07T23:15:21","slug":"maquillaje-de-fantasia-como-negocio-para-eventos","status":"publish","type":"product","link":"https:\/\/libreyfacil.com\/dg\/index.php\/producto\/maquillaje-de-fantasia-como-negocio-para-eventos\/","title":{"rendered":"MAQUILLAJE DE FANTASIA COMO NEGOCIO PARA EVENTOS"},"content":{"rendered":"","protected":false},"excerpt":{"rendered":"<p><strong>\u00bfTe gustar\u00eda maquillar personajes para ni\u00f1os y adultos de manera profesional?\u00a0<\/strong><\/p>\n<p>Con el masterclass MAQUILLAJE DE FANTASIA COMO NEGOCIO PARA EVENTOS<br \/>\npodr\u00e1s hacer hermosos dise\u00f1os para tus eventos y ocasiones especiales y convertir este arte en un emprendimiento rentable.<\/p>\n<p><strong class=\"ql-size-large\">\u00bfQU\u00c9 VAS A LOGRAR?<\/strong><\/p>\n<ul>\n<li>Aprender\u00e1s las diferentes t\u00e9cnicas para hacer trazos y los diferentes elementos necesarios para la realizaci\u00f3n.<\/li>\n<\/ul>\n<ul>\n<li>Podr\u00e1s mejorar tu t\u00e9cnica con diferentes efectos as\u00ed seas principiante o intermedio.<\/li>\n<\/ul>\n<ul>\n<li>Aprender\u00e1s dise\u00f1os de maquillaje para ni\u00f1os y adultos.<\/li>\n<\/ul>\n<ul>\n<li>Sabr\u00e1s las recomendaciones a considerar para diferentes tipos de rostros.<\/li>\n<\/ul>\n<ul>\n<li>Dominar\u00e1s correctamente el agarre de tu pincel, la calidad de tu delineado y la estrategia de dise\u00f1o.<\/li>\n<\/ul>\n<ul>\n<li>Tendr\u00e1s la capacidad hacer todo tipo de maquillaje de personajes con diferentes tem\u00e1ticas para que pongas en pr\u00e1ctica tu creatividad.<\/li>\n<\/ul>\n<ul>\n<li>Acceder\u00e1s al certificado avalado por Hotmart y Seminarios Online.<\/li>\n<\/ul>\n<p><strong class=\"ql-size-large\">\u00bfC\u00d3MO LO VAS A LOGRAR?<\/strong><\/p>\n<p>A trav\u00e9s del siguiente contenido, estructurado paso a paso:<\/p>\n<p>MODULO 1 MAQUILLAJE DE FANTASIA.<\/p>\n<ul>\n<li>Presentaci\u00f3n maquillaje de fantas\u00eda.<\/li>\n<li>Introducci\u00f3n maquillaje de fantas\u00eda.<\/li>\n<li>S\u00edguenos en redes sociales.<\/li>\n<li>Teor\u00eda animales y t\u00e9cnica de l\u00edneas diamond fx, pintucaritas y l\u00edneas.<\/li>\n<li>Teor\u00eda estrellas y flores.<\/li>\n<\/ul>\n<p>MODULO 2 PR\u00c1CTICA ANIMALES.<\/p>\n<ul>\n<li>Tigre parte 1.<\/li>\n<li>Tigre parte 2.<\/li>\n<li>Jaguar.<\/li>\n<li>Lobo feroz.<\/li>\n<li>Unicornio.<\/li>\n<li>Antifaz tigresa.<\/li>\n<\/ul>\n<p>MODULO 3 PR\u00c1CTICA SUPERH\u00c9ROES.<\/p>\n<ul>\n<li>Spider girl.<\/li>\n<li>Mujer maravilla.<\/li>\n<li>Batman.<\/li>\n<li>Ladybug.<\/li>\n<\/ul>\n<p>MODULO 4 PR\u00c1CTICA MARIPOSAS Y FLORES.<\/p>\n<ul>\n<li>Mariposa aplicando t\u00e9cnica de flores.<\/li>\n<li>Mariposas y flores: flores de dos colores.<\/li>\n<li>Mariposa hada madrina.<\/li>\n<li>Mariposa sencilla media cara.<\/li>\n<li>Mariposa de 3 colores.<\/li>\n<\/ul>\n<p>MODULO 5 PR\u00c1CTICA ESTRELLAS Y FLORES.<\/p>\n<ul>\n<li>Fantas\u00eda femenina.<\/li>\n<li>H\u00e9roes y fantas\u00eda frozen.<\/li>\n<li>Angelito.<\/li>\n<li>Despedida y agradecimiento.<\/li>\n<\/ul>\n<p>MODULO 6 BONO AUTOMAQUILLAJE.<\/p>\n<ul>\n<li>Automaquillaje: Introducci\u00f3n.<\/li>\n<li>Mimo &#8211; Automaquillaje.<\/li>\n<li>Automaquillaje iron man parte 1.<\/li>\n<li>Automaquillaje iron man parte 2.<\/li>\n<li>Modulo 7 bono maquillaje para bebes.<\/li>\n<li>Minie mouse.<\/li>\n<li>Tigre.<\/li>\n<li>Corazones.<\/li>\n<\/ul>\n<p>MODULO 8 BONO BANDERAS.<\/p>\n<ul>\n<li>\u00a0Bandera Colombia.<\/li>\n<li>Bandera Cuba.<\/li>\n<\/ul>\n<p>MODULO 9 BONO MONSTRUO.<\/p>\n<ul>\n<li>Bono monstruo.<\/li>\n<\/ul>\n<p><strong>ACERCA DEL PRODUCTOR<\/strong><\/p>\n<p>Desarrollado por ALBERTO MART\u00cdNEZ y MARI HERN\u00c1NDEZ pareja de esposos cubanos con m\u00e1s de 8 a\u00f1os de experiencia en maquillaje de fantas\u00eda y el face painting trabajado en eventos.<\/p>\n<p>Radicados en Colombia tienen su empresa Recreation Art, la cual se dedica a eventos de recreaci\u00f3n, globoflexia y maquillaje de fantas\u00eda.<\/p>\n","protected":false},"featured_media":899,"template":"","meta":[],"product_brand":[],"product_cat":[47],"product_tag":[],"class_list":{"0":"post-898","1":"product","2":"type-product","3":"status-publish","4":"has-post-thumbnail","6":"product_cat-independizate-con-tu-propio-emprendimiento","8":"first","9":"instock","10":"shipping-taxable","11":"product-type-external"},"aioseo_notices":[],"_links":{"self":[{"href":"https:\/\/libreyfacil.com\/dg\/index.php\/wp-json\/wp\/v2\/product\/898","targetHints":{"allow":["GET"]}}],"collection":[{"href":"https:\/\/libreyfacil.com\/dg\/index.php\/wp-json\/wp\/v2\/product"}],"about":[{"href":"https:\/\/libreyfacil.com\/dg\/index.php\/wp-json\/wp\/v2\/types\/product"}],"wp:featuredmedia":[{"embeddable":true,"href":"https:\/\/libreyfacil.com\/dg\/index.php\/wp-json\/wp\/v2\/media\/899"}],"wp:attachment":[{"href":"https:\/\/libreyfacil.com\/dg\/index.php\/wp-json\/wp\/v2\/media?parent=898"}],"wp:term":[{"taxonomy":"product_brand","embeddable":true,"href":"https:\/\/libreyfacil.com\/dg\/index.php\/wp-json\/wp\/v2\/product_brand?post=898"},{"taxonomy":"product_cat","embeddable":true,"href":"https:\/\/libreyfacil.com\/dg\/index.php\/wp-json\/wp\/v2\/product_cat?post=898"},{"taxonomy":"product_tag","embeddable":true,"href":"https:\/\/libreyfacil.com\/dg\/index.php\/wp-json\/wp\/v2\/product_tag?post=898"}],"curies":[{"name":"wp","href":"https:\/\/api.w.org\/{rel}","templated":true}]}}