{"id":893,"date":"2021-11-03T20:49:29","date_gmt":"2021-11-03T20:49:29","guid":{"rendered":"https:\/\/emprendefacil.com\/dg\/?post_type=product&#038;p=893"},"modified":"2022-02-07T23:16:20","modified_gmt":"2022-02-07T23:16:20","slug":"el-negocio-de-las-tiendas-y-minimarkets","status":"publish","type":"product","link":"https:\/\/libreyfacil.com\/dg\/index.php\/producto\/el-negocio-de-las-tiendas-y-minimarkets\/","title":{"rendered":"EL NEGOCIO DE LAS TIENDAS y MINIMARKETS"},"content":{"rendered":"","protected":false},"excerpt":{"rendered":"<p><strong>\u00bfTe Gustar\u00eda emprender tu propia tienda y hacer de ella un negocio rentable?<\/strong><\/p>\n<p>Con el MasterClass EL NEGOCIO DE LAS TIENDAS y MINIMARKETS, aprende las t\u00e1cticas de negociaci\u00f3n con proveedores, herramientas de marketing digital, elementos de diferenciaci\u00f3n y todo para que le saques tu m\u00e1xima rentabilidad a tu tienda de abarrotes.<\/p>\n<p><strong class=\"ql-size-large\">\u00bfQu\u00e9 vas a lograr?<\/strong><\/p>\n<ul>\n<li>C\u00f3mo iniciar tu tienda y maximizar su rentabilidad.<\/li>\n<li>Estrategias para vender m\u00e1s.<\/li>\n<li>C\u00f3mo fidelizar a tus clientes<\/li>\n<li>Como diferenciar a una tienda de otros negocios.<\/li>\n<li>Estrategias para llegar a m\u00e1s clientes<\/li>\n<li>T\u00e1cticas de negociaci\u00f3n con proveedores<\/li>\n<li>Optimizaci\u00f3n del presupuesto para lograr una mayor rentabilidad en tu tienda.<\/li>\n<li>Recursos necesarios para iniciar tu negocio<\/li>\n<li>Herramientas de marketing para tu tienda.<\/li>\n<li>Tendr\u00e1s SOPORTE continuo, debajo de cada v\u00eddeo en secci\u00f3n de comentarios.<\/li>\n<li>Acceder al certificado avalado por Hotmart y Seminarios Online.<\/li>\n<\/ul>\n<p><strong class=\"ql-size-large\">\u00bfC\u00f3mo lo vas a lograr?<\/strong><\/p>\n<p>Te guiaremos a trav\u00e9s de lecciones paso a paso que te llevar\u00e1n a entender y conocer el negocio de las tiendas, en muy poco tiempo y ahorrando mucho dinero.<\/p>\n<p>El curso contiene clases con v\u00eddeos HD y documentos en Excel. A continuaci\u00f3n, te presentare los m\u00f3dulos que veras:<\/p>\n<ul>\n<li>Video 1 \u2013 Bienvenida al negocio de las tiendas.<\/li>\n<li>Video 2 &#8211; \u00bfQu\u00e9 es una tienda de abarrotes? (historia).<\/li>\n<li>Video 3 &#8211; Diferentes tipos de tienda (abarrotes,conveniencia,minimarket y super mercado).<\/li>\n<li>Video 4 &#8211; \u00bfQu\u00e9 se necesita para abrir una tienda de abarrotes, minimarket o tienda de conveniencia?<\/li>\n<li>Video 5 &#8211; Herramientas y equipos para comenzar una tienda.<\/li>\n<li>Video 6 &#8211; Presupuesto estimado para comenzar tu tienda.<\/li>\n<li>Video 7 &#8211; C\u00f3mo elegir la ubicaci\u00f3n del negocio.<\/li>\n<li>Video 8 &#8211; Documentaci\u00f3n para tu tienda.<\/li>\n<li>Video 9 &#8211; Nicho de mercado, cu\u00e1l es su principal cliente (buyer persona).<\/li>\n<li>Video 10 &#8211; Manos a la obra .<\/li>\n<li>Video 11 \u2013 \u00bfC\u00f3mo conseguir proveedores?.<\/li>\n<li>Video 12 \u2013 \u00bfCon qu\u00e9 productos iniciar?.<\/li>\n<li>Video 13 &#8211; \u00bfCu\u00e1ndo comenzar a contratar personal y qu\u00e9 personal debes contratar si quieres escalar tu tienda?.<\/li>\n<li>Video 14 &#8211; Administraci\u00f3n b\u00e1sica para tiendas de abarrotes.<\/li>\n<li>Video 15 &#8211; Consejos para escalar tu tienda.<\/li>\n<li>Video 16 &#8211; T\u00e9cnicas para vender m\u00e1s.<\/li>\n<li>Video 17 &#8211; C\u00f3mo sacar mayor rentabilidad en tu tienda.<\/li>\n<li>Video 18 &#8211; Factores clave para el \u00e9xito de tu tienda.<\/li>\n<li>Video 19 \u2013 Estrategia de marketing para tu tienda.<\/li>\n<li>Video 20 \u2013 C\u00f3mo crear fanpage.<\/li>\n<li>Video 21 \u2013 C\u00f3mo crear un instagram empresarial.<\/li>\n<li>Video 22 \u2013 C\u00f3mo poner tu negocio en google maps.<\/li>\n<li>Video 23 \u2013 C\u00f3mo poner tu negocio en google my bussines.<\/li>\n<li>Video 24 \u2013 C\u00f3mo hacer un feed atractivo en instagram.<\/li>\n<li>Video 25 \u2013 C\u00f3mo hacer un planer de post para redes sociales.<\/li>\n<li>Video 26 \u2013 C\u00f3mo hacer publicidad en redes sociales.<\/li>\n<\/ul>\n","protected":false},"featured_media":894,"template":"","meta":[],"product_brand":[],"product_cat":[47],"product_tag":[],"class_list":{"0":"post-893","1":"product","2":"type-product","3":"status-publish","4":"has-post-thumbnail","6":"product_cat-independizate-con-tu-propio-emprendimiento","8":"first","9":"instock","10":"shipping-taxable","11":"product-type-external"},"aioseo_notices":[],"_links":{"self":[{"href":"https:\/\/libreyfacil.com\/dg\/index.php\/wp-json\/wp\/v2\/product\/893","targetHints":{"allow":["GET"]}}],"collection":[{"href":"https:\/\/libreyfacil.com\/dg\/index.php\/wp-json\/wp\/v2\/product"}],"about":[{"href":"https:\/\/libreyfacil.com\/dg\/index.php\/wp-json\/wp\/v2\/types\/product"}],"wp:featuredmedia":[{"embeddable":true,"href":"https:\/\/libreyfacil.com\/dg\/index.php\/wp-json\/wp\/v2\/media\/894"}],"wp:attachment":[{"href":"https:\/\/libreyfacil.com\/dg\/index.php\/wp-json\/wp\/v2\/media?parent=893"}],"wp:term":[{"taxonomy":"product_brand","embeddable":true,"href":"https:\/\/libreyfacil.com\/dg\/index.php\/wp-json\/wp\/v2\/product_brand?post=893"},{"taxonomy":"product_cat","embeddable":true,"href":"https:\/\/libreyfacil.com\/dg\/index.php\/wp-json\/wp\/v2\/product_cat?post=893"},{"taxonomy":"product_tag","embeddable":true,"href":"https:\/\/libreyfacil.com\/dg\/index.php\/wp-json\/wp\/v2\/product_tag?post=893"}],"curies":[{"name":"wp","href":"https:\/\/api.w.org\/{rel}","templated":true}]}}