{"id":1186,"date":"2022-04-19T18:12:17","date_gmt":"2022-04-19T18:12:17","guid":{"rendered":"https:\/\/emprendefacil.com\/dg\/?post_type=product&#038;p=1186"},"modified":"2022-04-19T19:12:49","modified_gmt":"2022-04-19T19:12:49","slug":"calendario-publicaciones-clinicas-dentales","status":"publish","type":"product","link":"https:\/\/libreyfacil.com\/dg\/index.php\/producto\/calendario-publicaciones-clinicas-dentales\/","title":{"rendered":"Calendario Publicaciones Cl\u00ednicas Dentales"},"content":{"rendered":"<h1><span style=\"color: #008000;\"><strong><span class=\"JsGRdQ\">365 d\u00edas de Contenidos<\/span><\/strong><\/span><\/h1>\n<p><span class=\"JsGRdQ\">Para compartir<\/span><span class=\"JsGRdQ\">, totalmente editables, personalizables para<\/span> <span class=\"JsGRdQ\">tus Redes Sociales<br \/>\n<\/span><\/p>\n<p><strong><span style=\"color: #ff6600;\">AHORRE TIEMPO Y DINERO Y HAGA CRECER SU AUDIENCIA!<\/span><br \/>\n<\/strong><\/p>\n<p tabindex=\"1\">Es un paquete completo de herramientas, ideas, frases, gu\u00edas y dem\u00e1s para que puedas hacer publicaciones de valor todos los d\u00edas.<\/p>\n<p tabindex=\"1\">En diferentes formatos para que los lleves en tu Laptop o en tu tel\u00e9fono, y puedas publicar desde donde est\u00e9s.<\/p>\n<h1><span class=\"JsGRdQ\" style=\"color: #000000;\">BONOS PLUS <\/span><\/h1>\n<h3><span class=\"JsGRdQ\"><span style=\"color: #008000;\">Nicho Odontolog\u00eda y Dentistas!<\/span><\/span><\/h3>\n<p class=\"_04xlpA direction-ltr align-justify para-style-body\"><span class=\"JsGRdQ\"><span style=\"color: #ff6600;\"><strong>Bono 1. + de 100 Im\u00e1genes Canva<\/strong><\/span> (Dentista <\/span><span class=\"JsGRdQ\">Totalmente Editables)<br \/>\n<\/span><\/p>\n<p class=\"_04xlpA direction-ltr align-justify para-style-body\"><span class=\"JsGRdQ\"><strong><span style=\"color: #ff6600;\">Bono 2. + de 200 Frases Inspiradoras<\/span><\/strong><br \/>\n<img loading=\"lazy\" decoding=\"async\" class=\"alignnone size-full\" src=\"https:\/\/i.imgur.com\/Z2zSAWy.png\" width=\"694\" height=\"51\" \/><br \/>\n<\/span><\/p>\n<p class=\"_04xlpA direction-ltr align-justify para-style-body\"><span class=\"JsGRdQ\"><strong><span style=\"color: #ff6600;\">Bono 3. + de 40 Citas Ilustradas<\/span><\/strong><br \/>\n<img loading=\"lazy\" decoding=\"async\" class=\"alignnone size-full\" src=\"https:\/\/i.imgur.com\/z6xFbhn.png\" width=\"700\" height=\"79\" \/><br \/>\n<strong><span style=\"color: #ff6600;\">Bono 4. + de 40 Folletos Promocionales<\/span><\/strong><br \/>\n<img loading=\"lazy\" decoding=\"async\" class=\"alignnone size-full\" src=\"https:\/\/i.imgur.com\/s6TiS4K.png\" width=\"678\" height=\"82\" \/><br \/>\n<\/span><\/p>\n<p><strong><span style=\"color: #ff6600;\">Bono 5. +40 Preguntas Incitadoras<\/span><\/strong><br \/>\n<img loading=\"lazy\" decoding=\"async\" class=\"alignnone size-full\" src=\"https:\/\/i.imgur.com\/KkN55Ql.png\" width=\"637\" height=\"58\" \/><\/p>\n<p><strong><span style=\"color: #ff6600;\">Bono 6. + de \u00bfSabias Que?<\/span><\/strong><br \/>\n<img decoding=\"async\" src=\"https:\/\/i.imgur.com\/kSJcaTp.png\" \/><\/p>\n<p><span style=\"color: #ff6600;\"><b>Bono 7. + de 20 T\u00e9rminos\u00a0y Expresiones<\/b><\/span><br \/>\n<img decoding=\"async\" src=\"https:\/\/i.imgur.com\/9Pl5z0d.png\" \/><\/p>\n<h1><span class=\"JsGRdQ\">BONOS PLUS<\/span><\/h1>\n<h3><span class=\"JsGRdQ\"><span style=\"color: #008000;\">Marketing Digital!<\/span><\/span><\/h3>\n<p class=\"_04xlpA direction-ltr align-justify para-style-body\"><span class=\"JsGRdQ\"><strong><span style=\"color: #ff6600;\">-Plan de Marketing<\/span><\/strong><br \/>\n<img decoding=\"async\" src=\"https:\/\/i.imgur.com\/DGTwnwG.png\" \/><br \/>\n<strong><span style=\"color: #ff6600;\">-Video Curso: CopyWriting (<\/span><\/strong><\/span><strong><span style=\"color: #ff6600;\"><span class=\"JsGRdQ\">Para Anuncios que venden)<br \/>\n<\/span><span class=\"JsGRdQ\">-eBook: 44 Consejos Poderosos\u00a0<\/span><span class=\"JsGRdQ\">De Marketing en Redes Sociales<br \/>\n-Video Curso: Canva Dominado<\/span><\/span><\/strong><\/p>\n<p>&nbsp;<\/p>\n<p class=\"_04xlpA direction-ltr align-justify para-style-body\"><span class=\"JsGRdQ\">\u00a0<\/span><\/p>\n","protected":false},"excerpt":{"rendered":"<p>365 d\u00edas de Contenidos Para compartir, totalmente editables, personalizables para tus Redes Sociales AHORRE TIEMPO Y DINERO Y HAGA CRECER SU AUDIENCIA! Es un paquete completo de herramientas, ideas, frases, gu\u00edas y dem\u00e1s para que puedas hacer publicaciones de valor todos los d\u00edas. En diferentes formatos para que los lleves en tu Laptop o en [&hellip;]<\/p>\n","protected":false},"featured_media":1188,"template":"","meta":[],"product_brand":[],"product_cat":[57,55,48],"product_tag":[],"class_list":{"0":"post-1186","1":"product","2":"type-product","3":"status-publish","4":"has-post-thumbnail","6":"product_cat-canva","7":"product_cat-educacion","8":"product_cat-marketing-online-redes-sociales-ads","10":"first","11":"instock","12":"downloadable","13":"sold-individually","14":"shipping-taxable","15":"purchasable","16":"product-type-simple"},"aioseo_notices":[],"_links":{"self":[{"href":"https:\/\/libreyfacil.com\/dg\/index.php\/wp-json\/wp\/v2\/product\/1186","targetHints":{"allow":["GET"]}}],"collection":[{"href":"https:\/\/libreyfacil.com\/dg\/index.php\/wp-json\/wp\/v2\/product"}],"about":[{"href":"https:\/\/libreyfacil.com\/dg\/index.php\/wp-json\/wp\/v2\/types\/product"}],"wp:featuredmedia":[{"embeddable":true,"href":"https:\/\/libreyfacil.com\/dg\/index.php\/wp-json\/wp\/v2\/media\/1188"}],"wp:attachment":[{"href":"https:\/\/libreyfacil.com\/dg\/index.php\/wp-json\/wp\/v2\/media?parent=1186"}],"wp:term":[{"taxonomy":"product_brand","embeddable":true,"href":"https:\/\/libreyfacil.com\/dg\/index.php\/wp-json\/wp\/v2\/product_brand?post=1186"},{"taxonomy":"product_cat","embeddable":true,"href":"https:\/\/libreyfacil.com\/dg\/index.php\/wp-json\/wp\/v2\/product_cat?post=1186"},{"taxonomy":"product_tag","embeddable":true,"href":"https:\/\/libreyfacil.com\/dg\/index.php\/wp-json\/wp\/v2\/product_tag?post=1186"}],"curies":[{"name":"wp","href":"https:\/\/api.w.org\/{rel}","templated":true}]}}